{"id":664,"date":"2024-12-08T19:07:27","date_gmt":"2024-12-08T18:07:27","guid":{"rendered":"https:\/\/elmundodesof.com\/?page_id=664"},"modified":"2024-12-08T20:07:34","modified_gmt":"2024-12-08T19:07:34","slug":"reflexiones","status":"publish","type":"page","link":"https:\/\/elmundodesof.com\/?page_id=664","title":{"rendered":"Reflexiones"},"content":{"rendered":"\t\t<div data-elementor-type=\"wp-page\" data-elementor-id=\"664\" class=\"elementor elementor-664\" data-elementor-post-type=\"page\">\n\t\t\t\t\t\t<section class=\"elementor-section elementor-top-section elementor-element elementor-element-26d99435 elementor-section-boxed elementor-section-height-default elementor-section-height-default\" data-id=\"26d99435\" data-element_type=\"section\">\n\t\t\t\t\t\t<div class=\"elementor-container elementor-column-gap-default\">\n\t\t\t\t\t<div class=\"elementor-column elementor-col-50 elementor-top-column elementor-element elementor-element-2ccacb4\" data-id=\"2ccacb4\" data-element_type=\"column\">\n\t\t\t<div class=\"elementor-widget-wrap elementor-element-populated\">\n\t\t\t\t\t\t<div class=\"elementor-element elementor-element-0b4effe elementor-widget elementor-widget-heading\" data-id=\"0b4effe\" data-element_type=\"widget\" data-widget_type=\"heading.default\">\n\t\t\t\t<div class=\"elementor-widget-container\">\n\t\t\t\t\t<h1 class=\"elementor-heading-title elementor-size-default\">Reflexiones<\/h1>\t\t\t\t<\/div>\n\t\t\t\t<\/div>\n\t\t\t\t<div class=\"elementor-element elementor-element-1a22349 elementor-grid-3 elementor-grid-tablet-2 elementor-grid-mobile-1 elementor-posts--thumbnail-top elementor-widget elementor-widget-posts\" data-id=\"1a22349\" data-element_type=\"widget\" data-settings=\"{&quot;classic_columns&quot;:&quot;3&quot;,&quot;classic_columns_tablet&quot;:&quot;2&quot;,&quot;classic_columns_mobile&quot;:&quot;1&quot;,&quot;classic_row_gap&quot;:{&quot;unit&quot;:&quot;px&quot;,&quot;size&quot;:35,&quot;sizes&quot;:[]},&quot;classic_row_gap_tablet&quot;:{&quot;unit&quot;:&quot;px&quot;,&quot;size&quot;:&quot;&quot;,&quot;sizes&quot;:[]},&quot;classic_row_gap_mobile&quot;:{&quot;unit&quot;:&quot;px&quot;,&quot;size&quot;:&quot;&quot;,&quot;sizes&quot;:[]}}\" data-widget_type=\"posts.classic\">\n\t\t\t\t<div class=\"elementor-widget-container\">\n\t\t\t\t\t\t\t<div class=\"elementor-posts-container elementor-posts elementor-posts--skin-classic elementor-grid\" role=\"list\">\n\t\t\t\t<article class=\"elementor-post elementor-grid-item post-618 post type-post status-publish format-standard has-post-thumbnail hentry category-reflexiones category-uncategorized\" role=\"listitem\">\n\t\t\t\t<a class=\"elementor-post__thumbnail__link\" href=\"https:\/\/elmundodesof.com\/?p=618\" tabindex=\"-1\" >\n\t\t\t<div class=\"elementor-post__thumbnail\"><img fetchpriority=\"high\" decoding=\"async\" width=\"1440\" height=\"2560\" src=\"https:\/\/elmundodesof.com\/wp-content\/uploads\/2024\/11\/26-Sofia-EMDS-2-scaled.jpg\" class=\"attachment-full size-full wp-image-640\" alt=\"\" srcset=\"https:\/\/elmundodesof.com\/wp-content\/uploads\/2024\/11\/26-Sofia-EMDS-2-scaled.jpg 1440w, https:\/\/elmundodesof.com\/wp-content\/uploads\/2024\/11\/26-Sofia-EMDS-2-169x300.jpg 169w, https:\/\/elmundodesof.com\/wp-content\/uploads\/2024\/11\/26-Sofia-EMDS-2-576x1024.jpg 576w, https:\/\/elmundodesof.com\/wp-content\/uploads\/2024\/11\/26-Sofia-EMDS-2-768x1365.jpg 768w, https:\/\/elmundodesof.com\/wp-content\/uploads\/2024\/11\/26-Sofia-EMDS-2-864x1536.jpg 864w, https:\/\/elmundodesof.com\/wp-content\/uploads\/2024\/11\/26-Sofia-EMDS-2-1152x2048.jpg 1152w\" sizes=\"(max-width: 1440px) 100vw, 1440px\" \/><\/div>\n\t\t<\/a>\n\t\t\t\t<div class=\"elementor-post__text\">\n\t\t\t\t<h3 class=\"elementor-post__title\">\n\t\t\t<a href=\"https:\/\/elmundodesof.com\/?p=618\" >\n\t\t\t\tMe despido de mis 25 con estos aprendizajes\t\t\t<\/a>\n\t\t<\/h3>\n\t\t\t\t<div class=\"elementor-post__excerpt\">\n\t\t\t<p>\u00a1Hoy cumplo 26 a\u00f1os! Me despido de los 25 con estas reflexiones y aprendizajes que les comparto a continuaci\u00f3n. 1. Todo pasa y no pasa<\/p>\n\t\t<\/div>\n\t\t\n\t\t<a class=\"elementor-post__read-more\" href=\"https:\/\/elmundodesof.com\/?p=618\" aria-label=\"Read more about Me despido de mis 25 con estos aprendizajes\" tabindex=\"-1\" >\n\t\t\tLeer m\u00e1s\u00bb\t\t<\/a>\n\n\t\t\t\t<\/div>\n\t\t\t\t<\/article>\n\t\t\t\t<\/div>\n\t\t\n\t\t\t\t\t\t<\/div>\n\t\t\t\t<\/div>\n\t\t\t\t\t<\/div>\n\t\t<\/div>\n\t\t\t\t<div class=\"elementor-column elementor-col-50 elementor-top-column elementor-element elementor-element-2a1c580f\" data-id=\"2a1c580f\" data-element_type=\"column\">\n\t\t\t<div class=\"elementor-widget-wrap elementor-element-populated\">\n\t\t\t\t<div class=\"elementor-element elementor-element-448c25a e-flex e-con-boxed e-con e-parent\" data-id=\"448c25a\" data-element_type=\"container\">\n\t\t\t\t\t<div class=\"e-con-inner\">\n\t\t\t\t<div class=\"elementor-element elementor-element-8fec3a1 elementor-widget elementor-widget-image\" data-id=\"8fec3a1\" data-element_type=\"widget\" data-widget_type=\"image.default\">\n\t\t\t\t<div class=\"elementor-widget-container\">\n\t\t\t\t\t\t\t\t\t\t\t\t\t\t\t<img decoding=\"async\" width=\"288\" height=\"288\" src=\"https:\/\/elmundodesof.com\/wp-content\/uploads\/2024\/02\/Sofia.jpeg\" class=\"attachment-large size-large wp-image-177\" alt=\"\" srcset=\"https:\/\/elmundodesof.com\/wp-content\/uploads\/2024\/02\/Sofia.jpeg 288w, https:\/\/elmundodesof.com\/wp-content\/uploads\/2024\/02\/Sofia-150x150.jpeg 150w\" sizes=\"(max-width: 288px) 100vw, 288px\" \/>\t\t\t\t\t\t\t\t\t\t\t\t\t\t\t<\/div>\n\t\t\t\t<\/div>\n\t\t\t\t<div class=\"elementor-element elementor-element-972bbab elementor-widget elementor-widget-heading\" data-id=\"972bbab\" data-element_type=\"widget\" data-widget_type=\"heading.default\">\n\t\t\t\t<div class=\"elementor-widget-container\">\n\t\t\t\t\t<h2 class=\"elementor-heading-title elementor-size-default\">Sobre m\u00ed<\/h2>\t\t\t\t<\/div>\n\t\t\t\t<\/div>\n\t\t\t\t<div class=\"elementor-element elementor-element-1a005c0 elementor-widget elementor-widget-text-editor\" data-id=\"1a005c0\" data-element_type=\"widget\" data-widget_type=\"text-editor.default\">\n\t\t\t\t<div class=\"elementor-widget-container\">\n\t\t\t\t\t\t\t\t\t<p>Hola, soy Sof \ud83d\ude42 nac\u00ed y crec\u00ed en M\u00e9xico. Estudi\u00e9 una licenciatura en Administraci\u00f3n de Hoteles y ahora empiezo una nueva aventura en Barcelona. Los invito a conocer un poco m\u00e1s de mi mundo.<\/p>\t\t\t\t\t\t\t\t<\/div>\n\t\t\t\t<\/div>\n\t\t\t\t<div class=\"elementor-element elementor-element-a8af304 elementor-button-info elementor-widget elementor-widget-button\" data-id=\"a8af304\" data-element_type=\"widget\" data-widget_type=\"button.default\">\n\t\t\t\t<div class=\"elementor-widget-container\">\n\t\t\t\t\t\t\t\t\t<div class=\"elementor-button-wrapper\">\n\t\t\t\t\t<a class=\"elementor-button elementor-button-link elementor-size-sm\" href=\"http:\/\/elmundodesof.com\/?page_id=246\">\n\t\t\t\t\t\t<span class=\"elementor-button-content-wrapper\">\n\t\t\t\t\t\t\t\t\t<span class=\"elementor-button-text\">Saber m\u00e1s<\/span>\n\t\t\t\t\t<\/span>\n\t\t\t\t\t<\/a>\n\t\t\t\t<\/div>\n\t\t\t\t\t\t\t\t<\/div>\n\t\t\t\t<\/div>\n\t\t\t\t\t<\/div>\n\t\t\t\t<\/div>\n\t\t\t\t\t<\/div>\n\t\t<\/div>\n\t\t\t\t\t<\/div>\n\t\t<\/section>\n\t\t\t\t<\/div>\n\t\t","protected":false},"excerpt":{"rendered":"<p>Reflexiones Sobre m\u00ed Hola, soy Sof \ud83d\ude42 nac\u00ed y crec\u00ed en M\u00e9xico. Estudi\u00e9 una licenciatura en Administraci\u00f3n de Hoteles y ahora empiezo una nueva aventura en Barcelona. Los invito a conocer un poco m\u00e1s de mi mundo. Saber m\u00e1s<\/p>\n","protected":false},"author":1,"featured_media":0,"parent":0,"menu_order":0,"comment_status":"closed","ping_status":"closed","template":"","meta":{"footnotes":""},"class_list":["post-664","page","type-page","status-publish","hentry"],"yoast_head":"<!-- This site is optimized with the Yoast SEO plugin v26.7 - https:\/\/yoast.com\/wordpress\/plugins\/seo\/ -->\n<title>Reflexiones - El Mundo de Sof<\/title>\n<meta name=\"robots\" content=\"index, follow, max-snippet:-1, max-image-preview:large, max-video-preview:-1\" \/>\n<link rel=\"canonical\" href=\"https:\/\/elmundodesof.com\/?page_id=664\" \/>\n<meta property=\"og:locale\" content=\"es_MX\" \/>\n<meta property=\"og:type\" content=\"article\" \/>\n<meta property=\"og:title\" content=\"Reflexiones - El Mundo de Sof\" \/>\n<meta property=\"og:description\" content=\"Reflexiones Sobre m\u00ed Hola, soy Sof \ud83d\ude42 nac\u00ed y crec\u00ed en M\u00e9xico. Estudi\u00e9 una licenciatura en Administraci\u00f3n de Hoteles y ahora empiezo una nueva aventura en Barcelona. Los invito a conocer un poco m\u00e1s de mi mundo. Saber m\u00e1s\" \/>\n<meta property=\"og:url\" content=\"https:\/\/elmundodesof.com\/?page_id=664\" \/>\n<meta property=\"og:site_name\" content=\"El Mundo de Sof\" \/>\n<meta property=\"article:publisher\" content=\"https:\/\/www.facebook.com\/profile.php?id=61557224061357\" \/>\n<meta property=\"article:modified_time\" content=\"2024-12-08T19:07:34+00:00\" \/>\n<meta property=\"og:image\" content=\"https:\/\/elmundodesof.com\/wp-content\/uploads\/2024\/02\/Sofia.jpeg\" \/>\n<meta name=\"twitter:card\" content=\"summary_large_image\" \/>\n<meta name=\"twitter:label1\" content=\"Tiempo de lectura\" \/>\n\t<meta name=\"twitter:data1\" content=\"2 minutos\" \/>\n<script type=\"application\/ld+json\" class=\"yoast-schema-graph\">{\"@context\":\"https:\/\/schema.org\",\"@graph\":[{\"@type\":\"WebPage\",\"@id\":\"https:\/\/elmundodesof.com\/?page_id=664\",\"url\":\"https:\/\/elmundodesof.com\/?page_id=664\",\"name\":\"Reflexiones - El Mundo de Sof\",\"isPartOf\":{\"@id\":\"https:\/\/elmundodesof.com\/#website\"},\"primaryImageOfPage\":{\"@id\":\"https:\/\/elmundodesof.com\/?page_id=664#primaryimage\"},\"image\":{\"@id\":\"https:\/\/elmundodesof.com\/?page_id=664#primaryimage\"},\"thumbnailUrl\":\"https:\/\/elmundodesof.com\/wp-content\/uploads\/2024\/02\/Sofia.jpeg\",\"datePublished\":\"2024-12-08T18:07:27+00:00\",\"dateModified\":\"2024-12-08T19:07:34+00:00\",\"breadcrumb\":{\"@id\":\"https:\/\/elmundodesof.com\/?page_id=664#breadcrumb\"},\"inLanguage\":\"es\",\"potentialAction\":[{\"@type\":\"ReadAction\",\"target\":[\"https:\/\/elmundodesof.com\/?page_id=664\"]}]},{\"@type\":\"ImageObject\",\"inLanguage\":\"es\",\"@id\":\"https:\/\/elmundodesof.com\/?page_id=664#primaryimage\",\"url\":\"https:\/\/elmundodesof.com\/wp-content\/uploads\/2024\/02\/Sofia.jpeg\",\"contentUrl\":\"https:\/\/elmundodesof.com\/wp-content\/uploads\/2024\/02\/Sofia.jpeg\",\"width\":288,\"height\":288},{\"@type\":\"BreadcrumbList\",\"@id\":\"https:\/\/elmundodesof.com\/?page_id=664#breadcrumb\",\"itemListElement\":[{\"@type\":\"ListItem\",\"position\":1,\"name\":\"Home\",\"item\":\"https:\/\/elmundodesof.com\/\"},{\"@type\":\"ListItem\",\"position\":2,\"name\":\"Reflexiones\"}]},{\"@type\":\"WebSite\",\"@id\":\"https:\/\/elmundodesof.com\/#website\",\"url\":\"https:\/\/elmundodesof.com\/\",\"name\":\"El Mundo de Sof\",\"description\":\"\",\"publisher\":{\"@id\":\"https:\/\/elmundodesof.com\/#organization\"},\"potentialAction\":[{\"@type\":\"SearchAction\",\"target\":{\"@type\":\"EntryPoint\",\"urlTemplate\":\"https:\/\/elmundodesof.com\/?s={search_term_string}\"},\"query-input\":{\"@type\":\"PropertyValueSpecification\",\"valueRequired\":true,\"valueName\":\"search_term_string\"}}],\"inLanguage\":\"es\"},{\"@type\":\"Organization\",\"@id\":\"https:\/\/elmundodesof.com\/#organization\",\"name\":\"El Mundo de Sof\",\"url\":\"https:\/\/elmundodesof.com\/\",\"logo\":{\"@type\":\"ImageObject\",\"inLanguage\":\"es\",\"@id\":\"https:\/\/elmundodesof.com\/#\/schema\/logo\/image\/\",\"url\":\"https:\/\/elmundodesof.com\/wp-content\/uploads\/2024\/02\/Logo-el-mundo-de-sof-.png\",\"contentUrl\":\"https:\/\/elmundodesof.com\/wp-content\/uploads\/2024\/02\/Logo-el-mundo-de-sof-.png\",\"width\":284,\"height\":282,\"caption\":\"El Mundo de Sof\"},\"image\":{\"@id\":\"https:\/\/elmundodesof.com\/#\/schema\/logo\/image\/\"},\"sameAs\":[\"https:\/\/www.facebook.com\/profile.php?id=61557224061357\",\"https:\/\/www.instagram.com\/elmundode_sof\/\",\"https:\/\/www.pinterest.com.mx\/elmundodesof\/\"]}]}<\/script>\n<!-- \/ Yoast SEO plugin. -->","yoast_head_json":{"title":"Reflexiones - El Mundo de Sof","robots":{"index":"index","follow":"follow","max-snippet":"max-snippet:-1","max-image-preview":"max-image-preview:large","max-video-preview":"max-video-preview:-1"},"canonical":"https:\/\/elmundodesof.com\/?page_id=664","og_locale":"es_MX","og_type":"article","og_title":"Reflexiones - El Mundo de Sof","og_description":"Reflexiones Sobre m\u00ed Hola, soy Sof \ud83d\ude42 nac\u00ed y crec\u00ed en M\u00e9xico. Estudi\u00e9 una licenciatura en Administraci\u00f3n de Hoteles y ahora empiezo una nueva aventura en Barcelona. Los invito a conocer un poco m\u00e1s de mi mundo. Saber m\u00e1s","og_url":"https:\/\/elmundodesof.com\/?page_id=664","og_site_name":"El Mundo de Sof","article_publisher":"https:\/\/www.facebook.com\/profile.php?id=61557224061357","article_modified_time":"2024-12-08T19:07:34+00:00","og_image":[{"url":"https:\/\/elmundodesof.com\/wp-content\/uploads\/2024\/02\/Sofia.jpeg","type":"","width":"","height":""}],"twitter_card":"summary_large_image","twitter_misc":{"Tiempo de lectura":"2 minutos"},"schema":{"@context":"https:\/\/schema.org","@graph":[{"@type":"WebPage","@id":"https:\/\/elmundodesof.com\/?page_id=664","url":"https:\/\/elmundodesof.com\/?page_id=664","name":"Reflexiones - El Mundo de Sof","isPartOf":{"@id":"https:\/\/elmundodesof.com\/#website"},"primaryImageOfPage":{"@id":"https:\/\/elmundodesof.com\/?page_id=664#primaryimage"},"image":{"@id":"https:\/\/elmundodesof.com\/?page_id=664#primaryimage"},"thumbnailUrl":"https:\/\/elmundodesof.com\/wp-content\/uploads\/2024\/02\/Sofia.jpeg","datePublished":"2024-12-08T18:07:27+00:00","dateModified":"2024-12-08T19:07:34+00:00","breadcrumb":{"@id":"https:\/\/elmundodesof.com\/?page_id=664#breadcrumb"},"inLanguage":"es","potentialAction":[{"@type":"ReadAction","target":["https:\/\/elmundodesof.com\/?page_id=664"]}]},{"@type":"ImageObject","inLanguage":"es","@id":"https:\/\/elmundodesof.com\/?page_id=664#primaryimage","url":"https:\/\/elmundodesof.com\/wp-content\/uploads\/2024\/02\/Sofia.jpeg","contentUrl":"https:\/\/elmundodesof.com\/wp-content\/uploads\/2024\/02\/Sofia.jpeg","width":288,"height":288},{"@type":"BreadcrumbList","@id":"https:\/\/elmundodesof.com\/?page_id=664#breadcrumb","itemListElement":[{"@type":"ListItem","position":1,"name":"Home","item":"https:\/\/elmundodesof.com\/"},{"@type":"ListItem","position":2,"name":"Reflexiones"}]},{"@type":"WebSite","@id":"https:\/\/elmundodesof.com\/#website","url":"https:\/\/elmundodesof.com\/","name":"El Mundo de Sof","description":"","publisher":{"@id":"https:\/\/elmundodesof.com\/#organization"},"potentialAction":[{"@type":"SearchAction","target":{"@type":"EntryPoint","urlTemplate":"https:\/\/elmundodesof.com\/?s={search_term_string}"},"query-input":{"@type":"PropertyValueSpecification","valueRequired":true,"valueName":"search_term_string"}}],"inLanguage":"es"},{"@type":"Organization","@id":"https:\/\/elmundodesof.com\/#organization","name":"El Mundo de Sof","url":"https:\/\/elmundodesof.com\/","logo":{"@type":"ImageObject","inLanguage":"es","@id":"https:\/\/elmundodesof.com\/#\/schema\/logo\/image\/","url":"https:\/\/elmundodesof.com\/wp-content\/uploads\/2024\/02\/Logo-el-mundo-de-sof-.png","contentUrl":"https:\/\/elmundodesof.com\/wp-content\/uploads\/2024\/02\/Logo-el-mundo-de-sof-.png","width":284,"height":282,"caption":"El Mundo de Sof"},"image":{"@id":"https:\/\/elmundodesof.com\/#\/schema\/logo\/image\/"},"sameAs":["https:\/\/www.facebook.com\/profile.php?id=61557224061357","https:\/\/www.instagram.com\/elmundode_sof\/","https:\/\/www.pinterest.com.mx\/elmundodesof\/"]}]}},"_links":{"self":[{"href":"https:\/\/elmundodesof.com\/index.php?rest_route=\/wp\/v2\/pages\/664","targetHints":{"allow":["GET"]}}],"collection":[{"href":"https:\/\/elmundodesof.com\/index.php?rest_route=\/wp\/v2\/pages"}],"about":[{"href":"https:\/\/elmundodesof.com\/index.php?rest_route=\/wp\/v2\/types\/page"}],"author":[{"embeddable":true,"href":"https:\/\/elmundodesof.com\/index.php?rest_route=\/wp\/v2\/users\/1"}],"replies":[{"embeddable":true,"href":"https:\/\/elmundodesof.com\/index.php?rest_route=%2Fwp%2Fv2%2Fcomments&post=664"}],"version-history":[{"count":5,"href":"https:\/\/elmundodesof.com\/index.php?rest_route=\/wp\/v2\/pages\/664\/revisions"}],"predecessor-version":[{"id":688,"href":"https:\/\/elmundodesof.com\/index.php?rest_route=\/wp\/v2\/pages\/664\/revisions\/688"}],"wp:attachment":[{"href":"https:\/\/elmundodesof.com\/index.php?rest_route=%2Fwp%2Fv2%2Fmedia&parent=664"}],"curies":[{"name":"wp","href":"https:\/\/api.w.org\/{rel}","templated":true}]}}