{"id":246,"date":"2024-02-09T21:36:46","date_gmt":"2024-02-09T20:36:46","guid":{"rendered":"https:\/\/elmundodesof.com\/?page_id=246"},"modified":"2024-07-10T22:00:29","modified_gmt":"2024-07-10T20:00:29","slug":"sobre-mi","status":"publish","type":"page","link":"https:\/\/elmundodesof.com\/?page_id=246","title":{"rendered":"Sobre mi"},"content":{"rendered":"\t\t<div data-elementor-type=\"wp-page\" data-elementor-id=\"246\" class=\"elementor elementor-246\" data-elementor-post-type=\"page\">\n\t\t\t\t\t\t<section class=\"elementor-section elementor-top-section elementor-element elementor-element-26d99435 elementor-section-boxed elementor-section-height-default elementor-section-height-default\" data-id=\"26d99435\" data-element_type=\"section\">\n\t\t\t\t\t\t<div class=\"elementor-container elementor-column-gap-default\">\n\t\t\t\t\t<div class=\"elementor-column elementor-col-100 elementor-top-column elementor-element elementor-element-2ccacb4\" data-id=\"2ccacb4\" data-element_type=\"column\">\n\t\t\t<div class=\"elementor-widget-wrap elementor-element-populated\">\n\t\t\t\t\t\t<div class=\"elementor-element elementor-element-0b4effe elementor-widget elementor-widget-heading\" data-id=\"0b4effe\" data-element_type=\"widget\" data-widget_type=\"heading.default\">\n\t\t\t\t<div class=\"elementor-widget-container\">\n\t\t\t\t\t<h1 class=\"elementor-heading-title elementor-size-default\">Sobre m\u00ed<\/h1>\t\t\t\t<\/div>\n\t\t\t\t<\/div>\n\t\t\t\t<div class=\"elementor-element elementor-element-0b10da1 elementor-widget elementor-widget-image\" data-id=\"0b10da1\" data-element_type=\"widget\" data-widget_type=\"image.default\">\n\t\t\t\t<div class=\"elementor-widget-container\">\n\t\t\t\t\t\t\t\t\t\t\t\t\t\t\t<img fetchpriority=\"high\" decoding=\"async\" width=\"1080\" height=\"658\" src=\"https:\/\/elmundodesof.com\/wp-content\/uploads\/2024\/03\/Sofia-EMDSJPG-e1709465773689.jpg\" class=\"attachment-full size-full wp-image-387\" alt=\"\" srcset=\"https:\/\/elmundodesof.com\/wp-content\/uploads\/2024\/03\/Sofia-EMDSJPG-e1709465773689.jpg 1080w, https:\/\/elmundodesof.com\/wp-content\/uploads\/2024\/03\/Sofia-EMDSJPG-e1709465773689-300x183.jpg 300w, https:\/\/elmundodesof.com\/wp-content\/uploads\/2024\/03\/Sofia-EMDSJPG-e1709465773689-1024x624.jpg 1024w, https:\/\/elmundodesof.com\/wp-content\/uploads\/2024\/03\/Sofia-EMDSJPG-e1709465773689-768x468.jpg 768w\" sizes=\"(max-width: 1080px) 100vw, 1080px\" \/>\t\t\t\t\t\t\t\t\t\t\t\t\t\t\t<\/div>\n\t\t\t\t<\/div>\n\t\t\t\t<div class=\"elementor-element elementor-element-8067d7d elementor-widget elementor-widget-text-editor\" data-id=\"8067d7d\" data-element_type=\"widget\" data-widget_type=\"text-editor.default\">\n\t\t\t\t<div class=\"elementor-widget-container\">\n\t\t\t\t\t\t\t\t\t<p dir=\"ltr\" style=\"line-height: 1.3800027272727273; text-align: justify; margin-top: 0pt; margin-bottom: 0pt;\"><span style=\"font-size: 11pt; font-family: Arial, sans-serif; color: #000000; background-color: transparent; font-style: normal; font-variant: normal; text-decoration: none; vertical-align: baseline; white-space: pre-wrap;\"><b>\u00bfQui\u00e9n es Sof?<\/b><\/span><\/p>\n<p dir=\"ltr\" style=\"line-height: 1.3800027272727273; text-align: justify; margin-top: 0pt; margin-bottom: 0pt;\"><span style=\"font-size: 11pt; font-family: Arial,sans-serif; color: #000000; background-color: transparent; font-weight: 400; font-style: normal; font-variant: normal; text-decoration: none; vertical-align: baseline; white-space: pre-wrap;\">Muy f\u00e1cil, me presento: soy Sofia Pi-Su\u00f1er, creadora y editora de este blog. Tengo una Licenciatura en Administraci\u00f3n Hotelera y actualmente vivo<\/span><span style=\"background-color: transparent; color: rgb(0, 0, 0); font-family: Arial, sans-serif; font-size: 11pt; white-space-collapse: preserve;\"> en Barcelona. Me encanta viajar, conocer lugares nuevos y hacer reflexiones de la vida, as\u00ed que en este blog encontrar\u00e1n algunas de mis experiencias personales, recomendaciones de viajes, pensamientos y quiz\u00e1s una que otra receta de lo que m\u00e1s me gusta cocinar.<\/span><\/p>\n<p dir=\"ltr\" style=\"line-height: 1.3800027272727273; text-align: justify; margin-top: 0pt; margin-bottom: 0pt;\"><span style=\"font-size: 11pt; font-family: Arial,sans-serif; color: #000000; background-color: transparent; font-weight: 400; font-style: normal; font-variant: normal; text-decoration: none; vertical-align: baseline; white-space: pre-wrap;\">&nbsp;<\/span><\/p>\n<p dir=\"ltr\" style=\"line-height: 1.3800027272727273; text-align: justify; margin-top: 0pt; margin-bottom: 0pt;\"><span style=\"font-size: 11pt; font-family: Arial, sans-serif; color: #000000; background-color: transparent; font-style: normal; font-variant: normal; text-decoration: none; vertical-align: baseline; white-space: pre-wrap;\"><b>\u00bfPor qu\u00e9 \u201cEl mundo de Sof\u201d?<\/b><\/span><\/p>\n<p dir=\"ltr\" style=\"line-height: 1.3800027272727273; text-align: justify; margin-top: 0pt; margin-bottom: 0pt;\"><span style=\"font-size: 11pt; font-family: Arial,sans-serif; color: #000000; background-color: transparent; font-weight: 400; font-style: normal; font-variant: normal; text-decoration: none; vertical-align: baseline; white-space: pre-wrap;\">El nombre de mi blog est\u00e1 inspirado en la relaci\u00f3n que tengo con el libro de Jostein Gaarder \u201cEl Mundo de Sofia\u201d. Tengo una historia muy especial con este libro, ya que mis padres se inspiraron en \u00e9l para nombrarme Sofia. La historia va m\u00e1s o menos as\u00ed: cuando mi madre estaba embarazada de m\u00ed, a pocas semanas de tenerme, mi padre mientras paseaba en moto por las calles de mi pueblo natal en M\u00e9xico, encontr\u00f3 este libro literalmente en medio de su camino. Esto lo tomaron como una se\u00f1al del destino para ponerme Sofia y as\u00ed fue.<\/span><\/p>\n<p dir=\"ltr\" style=\"line-height: 1.3800027272727273; text-align: justify; margin-top: 0pt; margin-bottom: 0pt;\"><span style=\"font-size: 11pt; font-family: Arial,sans-serif; color: #000000; background-color: transparent; font-weight: 400; font-style: normal; font-variant: normal; text-decoration: none; vertical-align: baseline; white-space: pre-wrap;\">&nbsp;<\/span><\/p>\n<p dir=\"ltr\" style=\"line-height: 1.3800027272727273; text-align: justify; margin-top: 0pt; margin-bottom: 0pt;\"><span style=\"font-size: 11pt; font-family: Arial,sans-serif; color: #000000; background-color: transparent; font-weight: 400; font-style: normal; font-variant: normal; text-decoration: none; vertical-align: baseline; white-space: pre-wrap;\">Cada historia tiene un &#8220;\u00bfPor qu\u00e9?&#8221; detr\u00e1s del &#8220;\u00bfQu\u00e9?&#8221;. Yo no sab\u00eda el origen de mi nombre hasta que hace algunos a\u00f1os me lo contaron, y no tard\u00e9 en leer el libro, que por cierto, me encant\u00f3.<\/span><\/p>\n<p dir=\"ltr\" style=\"line-height: 1.3800027272727273; text-align: justify; margin-top: 0pt; margin-bottom: 0pt;\"><span style=\"font-size: 11pt; font-family: Arial,sans-serif; color: #000000; background-color: transparent; font-weight: 400; font-style: normal; font-variant: normal; text-decoration: none; vertical-align: baseline; white-space: pre-wrap;\">&nbsp;<\/span><\/p>\n<p dir=\"ltr\" style=\"line-height: 1.3800027272727273; text-align: justify; margin-top: 0pt; margin-bottom: 0pt;\"><span style=\"background-color: transparent; font-variant-numeric: normal; font-variant-east-asian: normal; font-variant-alternates: normal; font-variant-position: normal; vertical-align: baseline;\"><span style=\"color: #000000; font-family: Arial, sans-serif;\"><span style=\"font-size: 14.6667px; white-space-collapse: preserve;\">\u00bfTienen alguna historia parecida? <\/span><\/span><span style=\"color: #000000; font-family: Arial, sans-serif; font-size: 14.6667px; white-space-collapse: preserve;\">\u00bfTienen algo que compartirme o preguntarme?<\/span><span style=\"color: #000000; font-family: Arial, sans-serif;\"><span style=\"font-size: 14.6667px; white-space-collapse: preserve;\"> \u00bfO les gustar\u00eda hacer una colaboraci\u00f3n conmigo? <\/span><\/span><\/span><span style=\"color: #000000; font-family: Arial, sans-serif; font-size: 14.6667px; white-space-collapse: preserve; font-weight: var( --e-global-typography-text-font-weight );\">me encantar\u00eda escucharlos, no duden en contactarme si puedo ayudarlos en algo.<\/span><\/p>\t\t\t\t\t\t\t\t<\/div>\n\t\t\t\t<\/div>\n\t\t\t\t\t<\/div>\n\t\t<\/div>\n\t\t\t\t\t<\/div>\n\t\t<\/section>\n\t\t\t\t<\/div>\n\t\t","protected":false},"excerpt":{"rendered":"<p>Sobre m\u00ed \u00bfQui\u00e9n es Sof? Muy f\u00e1cil, me presento: soy Sofia Pi-Su\u00f1er, creadora y editora de este blog. Tengo una Licenciatura en Administraci\u00f3n Hotelera y actualmente vivo en Barcelona. Me encanta viajar, conocer lugares nuevos y hacer reflexiones de la vida, as\u00ed que en este blog encontrar\u00e1n algunas de mis experiencias personales, recomendaciones de viajes, [&hellip;]<\/p>\n","protected":false},"author":1,"featured_media":0,"parent":0,"menu_order":0,"comment_status":"closed","ping_status":"closed","template":"","meta":{"footnotes":""},"class_list":["post-246","page","type-page","status-publish","hentry"],"yoast_head":"<!-- This site is optimized with the Yoast SEO plugin v26.7 - https:\/\/yoast.com\/wordpress\/plugins\/seo\/ -->\n<title>Sobre mi - El Mundo de Sof<\/title>\n<meta name=\"robots\" content=\"index, follow, max-snippet:-1, max-image-preview:large, max-video-preview:-1\" \/>\n<link rel=\"canonical\" href=\"https:\/\/elmundodesof.com\/?page_id=246\" \/>\n<meta property=\"og:locale\" content=\"es_MX\" \/>\n<meta property=\"og:type\" content=\"article\" \/>\n<meta property=\"og:title\" content=\"Sobre mi - El Mundo de Sof\" \/>\n<meta property=\"og:description\" content=\"Sobre m\u00ed \u00bfQui\u00e9n es Sof? Muy f\u00e1cil, me presento: soy Sofia Pi-Su\u00f1er, creadora y editora de este blog. Tengo una Licenciatura en Administraci\u00f3n Hotelera y actualmente vivo en Barcelona. Me encanta viajar, conocer lugares nuevos y hacer reflexiones de la vida, as\u00ed que en este blog encontrar\u00e1n algunas de mis experiencias personales, recomendaciones de viajes, [&hellip;]\" \/>\n<meta property=\"og:url\" content=\"https:\/\/elmundodesof.com\/?page_id=246\" \/>\n<meta property=\"og:site_name\" content=\"El Mundo de Sof\" \/>\n<meta property=\"article:publisher\" content=\"https:\/\/www.facebook.com\/profile.php?id=61557224061357\" \/>\n<meta property=\"article:modified_time\" content=\"2024-07-10T20:00:29+00:00\" \/>\n<meta property=\"og:image\" content=\"https:\/\/elmundodesof.com\/wp-content\/uploads\/2024\/03\/Sofia-EMDSJPG-e1709465773689.jpg\" \/>\n<meta name=\"twitter:card\" content=\"summary_large_image\" \/>\n<meta name=\"twitter:label1\" content=\"Tiempo de lectura\" \/>\n\t<meta name=\"twitter:data1\" content=\"2 minutos\" \/>\n<script type=\"application\/ld+json\" class=\"yoast-schema-graph\">{\"@context\":\"https:\/\/schema.org\",\"@graph\":[{\"@type\":\"WebPage\",\"@id\":\"https:\/\/elmundodesof.com\/?page_id=246\",\"url\":\"https:\/\/elmundodesof.com\/?page_id=246\",\"name\":\"Sobre mi - El Mundo de Sof\",\"isPartOf\":{\"@id\":\"https:\/\/elmundodesof.com\/#website\"},\"primaryImageOfPage\":{\"@id\":\"https:\/\/elmundodesof.com\/?page_id=246#primaryimage\"},\"image\":{\"@id\":\"https:\/\/elmundodesof.com\/?page_id=246#primaryimage\"},\"thumbnailUrl\":\"https:\/\/elmundodesof.com\/wp-content\/uploads\/2024\/03\/Sofia-EMDSJPG-e1709465773689.jpg\",\"datePublished\":\"2024-02-09T20:36:46+00:00\",\"dateModified\":\"2024-07-10T20:00:29+00:00\",\"breadcrumb\":{\"@id\":\"https:\/\/elmundodesof.com\/?page_id=246#breadcrumb\"},\"inLanguage\":\"es\",\"potentialAction\":[{\"@type\":\"ReadAction\",\"target\":[\"https:\/\/elmundodesof.com\/?page_id=246\"]}]},{\"@type\":\"ImageObject\",\"inLanguage\":\"es\",\"@id\":\"https:\/\/elmundodesof.com\/?page_id=246#primaryimage\",\"url\":\"https:\/\/elmundodesof.com\/wp-content\/uploads\/2024\/03\/Sofia-EMDSJPG-e1709465773689.jpg\",\"contentUrl\":\"https:\/\/elmundodesof.com\/wp-content\/uploads\/2024\/03\/Sofia-EMDSJPG-e1709465773689.jpg\",\"width\":1080,\"height\":658},{\"@type\":\"BreadcrumbList\",\"@id\":\"https:\/\/elmundodesof.com\/?page_id=246#breadcrumb\",\"itemListElement\":[{\"@type\":\"ListItem\",\"position\":1,\"name\":\"Home\",\"item\":\"https:\/\/elmundodesof.com\/\"},{\"@type\":\"ListItem\",\"position\":2,\"name\":\"Sobre mi\"}]},{\"@type\":\"WebSite\",\"@id\":\"https:\/\/elmundodesof.com\/#website\",\"url\":\"https:\/\/elmundodesof.com\/\",\"name\":\"El Mundo de Sof\",\"description\":\"\",\"publisher\":{\"@id\":\"https:\/\/elmundodesof.com\/#organization\"},\"potentialAction\":[{\"@type\":\"SearchAction\",\"target\":{\"@type\":\"EntryPoint\",\"urlTemplate\":\"https:\/\/elmundodesof.com\/?s={search_term_string}\"},\"query-input\":{\"@type\":\"PropertyValueSpecification\",\"valueRequired\":true,\"valueName\":\"search_term_string\"}}],\"inLanguage\":\"es\"},{\"@type\":\"Organization\",\"@id\":\"https:\/\/elmundodesof.com\/#organization\",\"name\":\"El Mundo de Sof\",\"url\":\"https:\/\/elmundodesof.com\/\",\"logo\":{\"@type\":\"ImageObject\",\"inLanguage\":\"es\",\"@id\":\"https:\/\/elmundodesof.com\/#\/schema\/logo\/image\/\",\"url\":\"https:\/\/elmundodesof.com\/wp-content\/uploads\/2024\/02\/Logo-el-mundo-de-sof-.png\",\"contentUrl\":\"https:\/\/elmundodesof.com\/wp-content\/uploads\/2024\/02\/Logo-el-mundo-de-sof-.png\",\"width\":284,\"height\":282,\"caption\":\"El Mundo de Sof\"},\"image\":{\"@id\":\"https:\/\/elmundodesof.com\/#\/schema\/logo\/image\/\"},\"sameAs\":[\"https:\/\/www.facebook.com\/profile.php?id=61557224061357\",\"https:\/\/www.instagram.com\/elmundode_sof\/\",\"https:\/\/www.pinterest.com.mx\/elmundodesof\/\"]}]}<\/script>\n<!-- \/ Yoast SEO plugin. -->","yoast_head_json":{"title":"Sobre mi - El Mundo de Sof","robots":{"index":"index","follow":"follow","max-snippet":"max-snippet:-1","max-image-preview":"max-image-preview:large","max-video-preview":"max-video-preview:-1"},"canonical":"https:\/\/elmundodesof.com\/?page_id=246","og_locale":"es_MX","og_type":"article","og_title":"Sobre mi - El Mundo de Sof","og_description":"Sobre m\u00ed \u00bfQui\u00e9n es Sof? Muy f\u00e1cil, me presento: soy Sofia Pi-Su\u00f1er, creadora y editora de este blog. Tengo una Licenciatura en Administraci\u00f3n Hotelera y actualmente vivo en Barcelona. Me encanta viajar, conocer lugares nuevos y hacer reflexiones de la vida, as\u00ed que en este blog encontrar\u00e1n algunas de mis experiencias personales, recomendaciones de viajes, [&hellip;]","og_url":"https:\/\/elmundodesof.com\/?page_id=246","og_site_name":"El Mundo de Sof","article_publisher":"https:\/\/www.facebook.com\/profile.php?id=61557224061357","article_modified_time":"2024-07-10T20:00:29+00:00","og_image":[{"url":"https:\/\/elmundodesof.com\/wp-content\/uploads\/2024\/03\/Sofia-EMDSJPG-e1709465773689.jpg","type":"","width":"","height":""}],"twitter_card":"summary_large_image","twitter_misc":{"Tiempo de lectura":"2 minutos"},"schema":{"@context":"https:\/\/schema.org","@graph":[{"@type":"WebPage","@id":"https:\/\/elmundodesof.com\/?page_id=246","url":"https:\/\/elmundodesof.com\/?page_id=246","name":"Sobre mi - El Mundo de Sof","isPartOf":{"@id":"https:\/\/elmundodesof.com\/#website"},"primaryImageOfPage":{"@id":"https:\/\/elmundodesof.com\/?page_id=246#primaryimage"},"image":{"@id":"https:\/\/elmundodesof.com\/?page_id=246#primaryimage"},"thumbnailUrl":"https:\/\/elmundodesof.com\/wp-content\/uploads\/2024\/03\/Sofia-EMDSJPG-e1709465773689.jpg","datePublished":"2024-02-09T20:36:46+00:00","dateModified":"2024-07-10T20:00:29+00:00","breadcrumb":{"@id":"https:\/\/elmundodesof.com\/?page_id=246#breadcrumb"},"inLanguage":"es","potentialAction":[{"@type":"ReadAction","target":["https:\/\/elmundodesof.com\/?page_id=246"]}]},{"@type":"ImageObject","inLanguage":"es","@id":"https:\/\/elmundodesof.com\/?page_id=246#primaryimage","url":"https:\/\/elmundodesof.com\/wp-content\/uploads\/2024\/03\/Sofia-EMDSJPG-e1709465773689.jpg","contentUrl":"https:\/\/elmundodesof.com\/wp-content\/uploads\/2024\/03\/Sofia-EMDSJPG-e1709465773689.jpg","width":1080,"height":658},{"@type":"BreadcrumbList","@id":"https:\/\/elmundodesof.com\/?page_id=246#breadcrumb","itemListElement":[{"@type":"ListItem","position":1,"name":"Home","item":"https:\/\/elmundodesof.com\/"},{"@type":"ListItem","position":2,"name":"Sobre mi"}]},{"@type":"WebSite","@id":"https:\/\/elmundodesof.com\/#website","url":"https:\/\/elmundodesof.com\/","name":"El Mundo de Sof","description":"","publisher":{"@id":"https:\/\/elmundodesof.com\/#organization"},"potentialAction":[{"@type":"SearchAction","target":{"@type":"EntryPoint","urlTemplate":"https:\/\/elmundodesof.com\/?s={search_term_string}"},"query-input":{"@type":"PropertyValueSpecification","valueRequired":true,"valueName":"search_term_string"}}],"inLanguage":"es"},{"@type":"Organization","@id":"https:\/\/elmundodesof.com\/#organization","name":"El Mundo de Sof","url":"https:\/\/elmundodesof.com\/","logo":{"@type":"ImageObject","inLanguage":"es","@id":"https:\/\/elmundodesof.com\/#\/schema\/logo\/image\/","url":"https:\/\/elmundodesof.com\/wp-content\/uploads\/2024\/02\/Logo-el-mundo-de-sof-.png","contentUrl":"https:\/\/elmundodesof.com\/wp-content\/uploads\/2024\/02\/Logo-el-mundo-de-sof-.png","width":284,"height":282,"caption":"El Mundo de Sof"},"image":{"@id":"https:\/\/elmundodesof.com\/#\/schema\/logo\/image\/"},"sameAs":["https:\/\/www.facebook.com\/profile.php?id=61557224061357","https:\/\/www.instagram.com\/elmundode_sof\/","https:\/\/www.pinterest.com.mx\/elmundodesof\/"]}]}},"_links":{"self":[{"href":"https:\/\/elmundodesof.com\/index.php?rest_route=\/wp\/v2\/pages\/246","targetHints":{"allow":["GET"]}}],"collection":[{"href":"https:\/\/elmundodesof.com\/index.php?rest_route=\/wp\/v2\/pages"}],"about":[{"href":"https:\/\/elmundodesof.com\/index.php?rest_route=\/wp\/v2\/types\/page"}],"author":[{"embeddable":true,"href":"https:\/\/elmundodesof.com\/index.php?rest_route=\/wp\/v2\/users\/1"}],"replies":[{"embeddable":true,"href":"https:\/\/elmundodesof.com\/index.php?rest_route=%2Fwp%2Fv2%2Fcomments&post=246"}],"version-history":[{"count":5,"href":"https:\/\/elmundodesof.com\/index.php?rest_route=\/wp\/v2\/pages\/246\/revisions"}],"predecessor-version":[{"id":553,"href":"https:\/\/elmundodesof.com\/index.php?rest_route=\/wp\/v2\/pages\/246\/revisions\/553"}],"wp:attachment":[{"href":"https:\/\/elmundodesof.com\/index.php?rest_route=%2Fwp%2Fv2%2Fmedia&parent=246"}],"curies":[{"name":"wp","href":"https:\/\/api.w.org\/{rel}","templated":true}]}}